{"id":91,"date":"2017-04-06T19:45:49","date_gmt":"2017-04-06T18:45:49","guid":{"rendered":"http:\/\/www.atic.org.ro\/testatic\/testaticen\/?page_id=91"},"modified":"2018-05-14T14:05:25","modified_gmt":"2018-05-14T13:05:25","slug":"ecdl","status":"publish","type":"page","link":"http:\/\/www.atic.org.ro\/testaticen\/about-atic\/projects\/ecdl","title":{"rendered":"ECDL"},"content":{"rendered":"<p><strong>ECDL, the European Computer Driving Licence<\/strong><\/p>\n<p><strong>ECDL, the European Computer Driving Licence<\/strong>\u00a0is the world largest IT certification program for basic\u00a0computer skills for end-users and\u00a0it is\u00a0recognized worldwide in over 100 countries (outside Europe as <strong>ICDL, International Computer Driving Licence<\/strong>).<\/p>\n<p>The ECDL certificates offer their holders the guarantee of having the necessary basic IT knowledge for assuming an active role in e-Society.<\/p>\n<p><a href=\"http:\/\/www.atic.org.ro\/testatic\/testaticen\/wp-content\/uploads\/2018\/05\/echipa-ECDL-la-MCTI-M.jpg\"><img loading=\"lazy\" class=\"alignleft wp-image-203 size-medium\" src=\"http:\/\/www.atic.org.ro\/testatic\/testaticen\/wp-content\/uploads\/2018\/05\/echipa-ECDL-la-MCTI-M-300x191.jpg\" alt=\"\" width=\"300\" height=\"191\" srcset=\"http:\/\/atic.org.ro\/testaticen\/wp-content\/uploads\/2018\/05\/echipa-ECDL-la-MCTI-M-300x191.jpg 300w, http:\/\/atic.org.ro\/testaticen\/wp-content\/uploads\/2018\/05\/echipa-ECDL-la-MCTI-M-768x490.jpg 768w, http:\/\/atic.org.ro\/testaticen\/wp-content\/uploads\/2018\/05\/echipa-ECDL-la-MCTI-M-1024x653.jpg 1024w, http:\/\/atic.org.ro\/testaticen\/wp-content\/uploads\/2018\/05\/echipa-ECDL-la-MCTI-M-250x159.jpg 250w, http:\/\/atic.org.ro\/testaticen\/wp-content\/uploads\/2018\/05\/echipa-ECDL-la-MCTI-M.jpg 1276w\" sizes=\"(max-width: 300px) 100vw, 300px\" \/><\/a><\/p>\n<p>The ECDL program is the product of studies conducted over several years by a group led by CEPIS (European Council of Professional Societies), an organization representing approximately 200,000 IT experts working in various sectors of activity: industrial, training, education or governmental.<\/p>\n<p>Managed by ECDL Foundation Ltd., a global leader of all accredited organizations both in Europe where it is known as ECDL and beyond, where it is known as ICDL, the ECDL program is designed to cover a wide range of skills and knowledge to enable candidates to operate with competence as users in any environment that uses computers. The reputation of the ECDL Foundation is based on its pioneering role in identifying and developing testing programs and methodologies that meet the highest quality standards.<\/p>\n<p>Another success factor of ECDL is that it presents a generic, uniquely accepted program. ECDL is strongly supported by a growing number of governments, corporations and institutions around the world, meeting increasingly diverse requirements for a global qualification that is based on well-defined, measurable and relevant skills. Among those who use the ECDL program are government departments, defense ministries, car manufacturers, pharmaceutical companies, oil companies, financial institutions, schools, universities and many others who have been convinced of ECDL&#8217;s effectiveness in certifying real IT skills and are preparing to meet the demands of the future.<\/p>\n<p><a href=\"http:\/\/www.atic.org.ro\/testatic\/testaticen\/wp-content\/uploads\/2018\/05\/angajati-ANRS-M.jpg\"><img loading=\"lazy\" class=\"alignleft wp-image-202 size-medium\" src=\"http:\/\/www.atic.org.ro\/testatic\/testaticen\/wp-content\/uploads\/2018\/05\/angajati-ANRS-M-300x161.jpg\" alt=\"\" width=\"300\" height=\"161\" srcset=\"http:\/\/atic.org.ro\/testaticen\/wp-content\/uploads\/2018\/05\/angajati-ANRS-M-300x161.jpg 300w, http:\/\/atic.org.ro\/testaticen\/wp-content\/uploads\/2018\/05\/angajati-ANRS-M-768x412.jpg 768w, http:\/\/atic.org.ro\/testaticen\/wp-content\/uploads\/2018\/05\/angajati-ANRS-M-1024x549.jpg 1024w, http:\/\/atic.org.ro\/testaticen\/wp-content\/uploads\/2018\/05\/angajati-ANRS-M-250x134.jpg 250w\" sizes=\"(max-width: 300px) 100vw, 300px\" \/><\/a><\/p>\n<p>ATIC accession to CEPIS allowed Romania to join the ECDL program. ATIC has been awarded the exclusive license and sub license for ECDL in Romania, and ECDL ROMANIA is the one that manages the ECDL license and manages the licensing of testing centers on the territory of Romania.<\/p>\n<p>A key factor behind the success of the ECDL\/ICDL certification program has been an emphasis on consistently high quality standards. These standards are not merely aspirational. All organizations that want to get the ECDL accreditation must comply to the ECDL Quality Standards. The ECDL Foundation operates a comprehensive Quality Assurance system made up of its Licensee Audit Program and its Quality Management System.<\/p>\n<p>Accredited testing centers are the core of the ECDL program. If the role of the ECDL Foundation at the international level and ECDL ROMANIA at local level is to ensure compliance with the required standards and thus ensure the quality and credibility of the program, testing centers are the ones that actually carry out the tests and related activities, testing simulation and training.<\/p>\n<p><strong>Organizations that are ECDL Accredited Testing Centers comply with ECDL Quality Standards.<\/strong><\/p>\n<p>These standards are required to ensure compliance in every ECDL Certified Test Center, no matter where it is in the world. The ECDL license attests not only to the fact that the holder has knowledge of computer use but also to the fact that this knowledge is at an internationally approved level.<\/p>\n<p>Respectarea standardelor ECDL reprezint\u0103 o condi\u0163ie esen\u0163ial\u0103 pentru valoarea \u015fi credibilitatea programului, de aceea aceast\u0103 component\u0103 este foarte strict\u0103. \u00cen acela\u015fi timp, aceste standarde asigur\u0103 o calitate a serviciilor Centrului de Testare care s\u0103 conduc\u0103 la \u00eendeplinirea misiunii ECDL.<\/p>\n<p>Compliance with ECDL standards is a prerequisite for the value and credibility of the program, therefore this component is very strict. At the same time, these standards provide a quality service to the Testing Center that will lead to the accomplishment of the ECDL mission.<\/p>\n<p>Starting with September 1st, 2013, the following types of ECDL certifications are available in Romania:<\/p>\n<p><a href=\"http:\/\/www.atic.org.ro\/testatic\/testaticen\/wp-content\/uploads\/2018\/05\/ECDL_2017_28_Scheme_Certificari_Tabel_EN_v01-011.jpg\"><img loading=\"lazy\" class=\"aligncenter wp-image-197 size-large\" src=\"http:\/\/www.atic.org.ro\/testatic\/testaticen\/wp-content\/uploads\/2018\/05\/ECDL_2017_28_Scheme_Certificari_Tabel_EN_v01-011-760x1024.jpg\" alt=\"\" width=\"474\" height=\"639\" srcset=\"http:\/\/atic.org.ro\/testaticen\/wp-content\/uploads\/2018\/05\/ECDL_2017_28_Scheme_Certificari_Tabel_EN_v01-011-760x1024.jpg 760w, http:\/\/atic.org.ro\/testaticen\/wp-content\/uploads\/2018\/05\/ECDL_2017_28_Scheme_Certificari_Tabel_EN_v01-011-223x300.jpg 223w, http:\/\/atic.org.ro\/testaticen\/wp-content\/uploads\/2018\/05\/ECDL_2017_28_Scheme_Certificari_Tabel_EN_v01-011-768x1035.jpg 768w, http:\/\/atic.org.ro\/testaticen\/wp-content\/uploads\/2018\/05\/ECDL_2017_28_Scheme_Certificari_Tabel_EN_v01-011-250x337.jpg 250w\" sizes=\"(max-width: 474px) 100vw, 474px\" \/><\/a><\/p>\n<p>Details of the ECDL program and the full list of accredited centers are available at www.ecdl.org.ro.<\/p>\n","protected":false},"excerpt":{"rendered":"<p>ECDL, the European Computer Driving Licence ECDL, the European Computer Driving Licence\u00a0is the world largest IT certification program for basic\u00a0computer skills for end-users and\u00a0it is\u00a0recognized worldwide in over 100 countries (outside Europe as ICDL, International Computer Driving Licence). The ECDL certificates offer their holders the guarantee of having the necessary basic IT knowledge for assuming &hellip; <a href=\"http:\/\/www.atic.org.ro\/testaticen\/about-atic\/projects\/ecdl\" class=\"more-link\">Continue reading <span class=\"screen-reader-text\">ECDL<\/span> <span class=\"meta-nav\">&rarr;<\/span><\/a><\/p>\n","protected":false},"author":1,"featured_media":0,"parent":88,"menu_order":0,"comment_status":"closed","ping_status":"closed","template":"","meta":[],"_links":{"self":[{"href":"http:\/\/www.atic.org.ro\/testaticen\/wp-json\/wp\/v2\/pages\/91"}],"collection":[{"href":"http:\/\/www.atic.org.ro\/testaticen\/wp-json\/wp\/v2\/pages"}],"about":[{"href":"http:\/\/www.atic.org.ro\/testaticen\/wp-json\/wp\/v2\/types\/page"}],"author":[{"embeddable":true,"href":"http:\/\/www.atic.org.ro\/testaticen\/wp-json\/wp\/v2\/users\/1"}],"replies":[{"embeddable":true,"href":"http:\/\/www.atic.org.ro\/testaticen\/wp-json\/wp\/v2\/comments?post=91"}],"version-history":[{"count":6,"href":"http:\/\/www.atic.org.ro\/testaticen\/wp-json\/wp\/v2\/pages\/91\/revisions"}],"predecessor-version":[{"id":204,"href":"http:\/\/www.atic.org.ro\/testaticen\/wp-json\/wp\/v2\/pages\/91\/revisions\/204"}],"up":[{"embeddable":true,"href":"http:\/\/www.atic.org.ro\/testaticen\/wp-json\/wp\/v2\/pages\/88"}],"wp:attachment":[{"href":"http:\/\/www.atic.org.ro\/testaticen\/wp-json\/wp\/v2\/media?parent=91"}],"curies":[{"name":"wp","href":"https:\/\/api.w.org\/{rel}","templated":true}]}}